{"id":62,"date":"2024-06-24T06:47:57","date_gmt":"2024-06-24T06:47:57","guid":{"rendered":"https:\/\/cheyan.ch\/?page_id=62"},"modified":"2024-06-25T13:31:46","modified_gmt":"2024-06-25T13:31:46","slug":"bio","status":"publish","type":"page","link":"https:\/\/cheyan.ch\/?page_id=62","title":{"rendered":"BIO"},"content":{"rendered":"\n<p><\/p>\n\n\n\n<p class=\"has-medium-font-size\"><strong>Ich \u00fcber mich<\/strong><\/p>\n\n\n\n<p>Ich war als Kind sehr kreativ und es wurde vermehrt nach der obligatorischen Schulzeit. So kam es, dass ich nach dem 10. Schuljahr in Romanshorn auch den Vorkurs f\u00fcr Gestaltung und Kunst absolvierte. Ich wollte nach dem Vorkurs Kulissenmalerin lehren, da es sehr rar war eine Lehrstelle zu kriegen, verabschiedete ich mich von dessen Traum und absolvierte dann die Bewegungsschule in Basel. Ich arbeitet sp\u00e4ter dann in einer Physiotherapie und bildetet mich zus\u00e4tzlich zur Shiatsutherapeutin aus. Ich hatte lange nichts mehr gemalt und gezeichnet. Ich interessierte mich f\u00fcr Meditation und setzte mich mit meinem Dasein auseinander und mit der Verg\u00e4nglichkeit. Mitte Dreissig, fing ich wieder an zu malen und zu zeichnen. Es sind Momente, die ich nicht planen kann, wenn es mich packt, kann ich nicht anders. Es ist eine Leidenschaft geworden und ist wie eine universelle Nahrung f\u00fcr mich. Es macht Spass! Mit der Zeit kam dann die Idee Zeichnungen auf den Textilien. Ich freu mich dich auf meiner Seite begr\u00fcssen zu d\u00fcrfen.<\/p>\n\n\n\n<p><\/p>\n\n\n\n<figure class=\"wp-block-image size-large is-resized\"><img loading=\"lazy\" decoding=\"async\" width=\"1024\" height=\"683\" src=\"https:\/\/cheyan.ch\/wp-content\/uploads\/2024\/06\/Portrait-2048x1366-1-1024x683.jpg\" alt=\"\" class=\"wp-image-96\" style=\"width:1137px;height:auto\" srcset=\"https:\/\/cheyan.ch\/wp-content\/uploads\/2024\/06\/Portrait-2048x1366-1-1024x683.jpg 1024w, https:\/\/cheyan.ch\/wp-content\/uploads\/2024\/06\/Portrait-2048x1366-1-300x200.jpg 300w, https:\/\/cheyan.ch\/wp-content\/uploads\/2024\/06\/Portrait-2048x1366-1-768x512.jpg 768w, https:\/\/cheyan.ch\/wp-content\/uploads\/2024\/06\/Portrait-2048x1366-1-1536x1025.jpg 1536w, https:\/\/cheyan.ch\/wp-content\/uploads\/2024\/06\/Portrait-2048x1366-1-1140x760.jpg 1140w, https:\/\/cheyan.ch\/wp-content\/uploads\/2024\/06\/Portrait-2048x1366-1.jpg 2048w\" sizes=\"auto, (max-width: 1024px) 100vw, 1024px\" \/><\/figure>\n","protected":false},"excerpt":{"rendered":"<p>Ich \u00fcber mich Ich war als Kind sehr kreativ und es wurde vermehrt nach der obligatorischen Schulzeit. So kam es, dass ich nach dem 10. Schuljahr in Romanshorn auch den Vorkurs f\u00fcr Gestaltung und Kunst absolvierte. Ich wollte nach dem Vorkurs Kulissenmalerin lehren, da es sehr rar war eine Lehrstelle zu kriegen, verabschiedete ich mich von dessen Traum und absolvierte dann die Bewegungsschule in Basel. Ich arbeitet sp\u00e4ter dann in einer Physiotherapie und bildetet mich zus\u00e4tzlich zur Shiatsutherapeutin aus. Ich hatte lange nichts mehr gemalt und gezeichnet. Ich interessierte mich f\u00fcr Meditation und setzte mich mit meinem Dasein auseinander und mit der Verg\u00e4nglichkeit. Mitte Dreissig, fing ich wieder an zu malen und zu zeichnen. Es sind Momente, die ich nicht planen kann, wenn es mich packt, kann ich nicht anders. Es ist eine Leidenschaft geworden und ist wie eine universelle Nahrung f\u00fcr mich. Es macht Spass! Mit der Zeit kam dann die Idee Zeichnungen auf den Textilien. Ich freu mich dich auf meiner Seite begr\u00fcssen zu d\u00fcrfen.<\/p>\n","protected":false},"author":1,"featured_media":0,"parent":0,"menu_order":0,"comment_status":"closed","ping_status":"closed","template":"","meta":{"footnotes":""},"class_list":["post-62","page","type-page","status-publish","hentry"],"_links":{"self":[{"href":"https:\/\/cheyan.ch\/index.php?rest_route=\/wp\/v2\/pages\/62","targetHints":{"allow":["GET"]}}],"collection":[{"href":"https:\/\/cheyan.ch\/index.php?rest_route=\/wp\/v2\/pages"}],"about":[{"href":"https:\/\/cheyan.ch\/index.php?rest_route=\/wp\/v2\/types\/page"}],"author":[{"embeddable":true,"href":"https:\/\/cheyan.ch\/index.php?rest_route=\/wp\/v2\/users\/1"}],"replies":[{"embeddable":true,"href":"https:\/\/cheyan.ch\/index.php?rest_route=%2Fwp%2Fv2%2Fcomments&post=62"}],"version-history":[{"count":8,"href":"https:\/\/cheyan.ch\/index.php?rest_route=\/wp\/v2\/pages\/62\/revisions"}],"predecessor-version":[{"id":192,"href":"https:\/\/cheyan.ch\/index.php?rest_route=\/wp\/v2\/pages\/62\/revisions\/192"}],"wp:attachment":[{"href":"https:\/\/cheyan.ch\/index.php?rest_route=%2Fwp%2Fv2%2Fmedia&parent=62"}],"curies":[{"name":"wp","href":"https:\/\/api.w.org\/{rel}","templated":true}]}}